{"id":1161,"date":"2023-05-23T21:48:44","date_gmt":"2023-05-23T19:48:44","guid":{"rendered":"https:\/\/assoespoirs.org\/?page_id=1161"},"modified":"2023-05-28T23:00:21","modified_gmt":"2023-05-28T21:00:21","slug":"causes-2","status":"publish","type":"page","link":"https:\/\/assoespoirs.org\/?page_id=1161","title":{"rendered":"Parrainage"},"content":{"rendered":"<style>.kb-row-layout-id_d43d81-21 > .kt-row-column-wrap{align-content:start;}:where(.kb-row-layout-id_d43d81-21 > .kt-row-column-wrap) > .wp-block-kadence-column{justify-content:start;}.kb-row-layout-id_d43d81-21 > .kt-row-column-wrap{column-gap:var(--global-kb-gap-md, 2rem);row-gap:var(--global-kb-gap-md, 2rem);max-width:var( --global-content-width, 1290px );padding-left:var(--global-content-edge-padding);padding-right:var(--global-content-edge-padding);padding-top:150px;padding-bottom:80px;grid-template-columns:minmax(0, 1fr);}.kb-row-layout-id_d43d81-21{background-image:url('http:\/\/assoespoirs.org\/wp-content\/uploads\/2023\/04\/Sileye-Guisse.jpg');background-size:cover;background-position:center center;background-attachment:scroll;background-repeat:no-repeat;}.kb-row-layout-id_d43d81-21 > .kt-row-layout-overlay{opacity:0.85;background-color:var(--global-palette9, #ffffff);}@media all and (max-width: 1024px){.kb-row-layout-id_d43d81-21 > .kt-row-column-wrap{grid-template-columns:minmax(0, 1fr);}}@media all and (max-width: 767px){.kb-row-layout-id_d43d81-21 > .kt-row-column-wrap{grid-template-columns:minmax(0, 1fr);}}<\/style><div class=\"kb-row-layout-wrap kb-row-layout-id_d43d81-21 alignnone kt-row-has-bg wp-block-kadence-rowlayout\"><div class=\"kt-row-layout-overlay kt-row-overlay-normal\"><\/div><div class=\"kt-row-column-wrap kt-has-1-columns kt-row-layout-equal kt-tab-layout-inherit kt-mobile-layout-row kt-row-valign-top kb-theme-content-width\">\n<style>.kadence-column_58fbb9-0b > .kt-inside-inner-col,.kadence-column_58fbb9-0b > .kt-inside-inner-col:before{border-top-left-radius:0px;border-top-right-radius:0px;border-bottom-right-radius:0px;border-bottom-left-radius:0px;}.kadence-column_58fbb9-0b > .kt-inside-inner-col{column-gap:var(--global-kb-gap-sm, 1rem);}.kadence-column_58fbb9-0b > .kt-inside-inner-col{flex-direction:column;}.kadence-column_58fbb9-0b > .kt-inside-inner-col > .aligncenter{width:100%;}.kadence-column_58fbb9-0b > .kt-inside-inner-col:before{opacity:0.3;}.kadence-column_58fbb9-0b{position:relative;}@media all and (max-width: 1024px){.kadence-column_58fbb9-0b > .kt-inside-inner-col{flex-direction:column;}}@media all and (max-width: 767px){.kadence-column_58fbb9-0b > .kt-inside-inner-col{flex-direction:column;}}<\/style>\n<div class=\"wp-block-kadence-column kadence-column_58fbb9-0b inner-column-1\"><div class=\"kt-inside-inner-col\"><style>.wp-block-kadence-advancedheading.kt-adv-heading_bfa298-07, .wp-block-kadence-advancedheading.kt-adv-heading_bfa298-07[data-kb-block=\"kb-adv-heading_bfa298-07\"]{text-align:center;font-style:normal;}.wp-block-kadence-advancedheading.kt-adv-heading_bfa298-07 mark, .wp-block-kadence-advancedheading.kt-adv-heading_bfa298-07[data-kb-block=\"kb-adv-heading_bfa298-07\"] mark{font-style:normal;color:#f76a0c;padding-top:0px;padding-right:0px;padding-bottom:0px;padding-left:0px;}<\/style>\n<h1 class=\"kt-adv-heading_bfa298-07 wp-block-kadence-advancedheading has-theme-palette-3-color has-text-color\" data-kb-block=\"kb-adv-heading_bfa298-07\">Parrainage de scolarisation<\/h1>\n\n\n<style>.wp-block-kadence-advancedheading.kt-adv-heading_dca692-25, .wp-block-kadence-advancedheading.kt-adv-heading_dca692-25[data-kb-block=\"kb-adv-heading_dca692-25\"]{text-align:center;font-style:normal;}.wp-block-kadence-advancedheading.kt-adv-heading_dca692-25 mark, .wp-block-kadence-advancedheading.kt-adv-heading_dca692-25[data-kb-block=\"kb-adv-heading_dca692-25\"] mark{font-style:normal;color:#f76a0c;padding-top:0px;padding-right:0px;padding-bottom:0px;padding-left:0px;}<\/style>\n<p class=\"kt-adv-heading_dca692-25 wp-block-kadence-advancedheading has-theme-palette-4-color has-text-color\" data-kb-block=\"kb-adv-heading_dca692-25\">.<\/p>\n<\/div><\/div>\n\n<\/div><\/div>\n\n<div class=\"wp-block-image\">\n<figure class=\"aligncenter size-full is-resized\"><img decoding=\"async\" loading=\"lazy\" src=\"https:\/\/assoespoirs.org\/wp-content\/uploads\/2023\/05\/ALIOU-HASSATA-LIBASSE.jpg\" alt=\"\" class=\"wp-image-1165\" width=\"428\" height=\"571\" srcset=\"https:\/\/assoespoirs.org\/wp-content\/uploads\/2023\/05\/ALIOU-HASSATA-LIBASSE.jpg 768w, https:\/\/assoespoirs.org\/wp-content\/uploads\/2023\/05\/ALIOU-HASSATA-LIBASSE-225x300.jpg 225w, https:\/\/assoespoirs.org\/wp-content\/uploads\/2023\/05\/ALIOU-HASSATA-LIBASSE-200x267.jpg 200w\" sizes=\"(max-width: 428px) 100vw, 428px\" \/><\/figure><\/div>\n\n<style>.kb-row-layout-id_1cc50d-61 > .kt-row-column-wrap{align-content:start;}:where(.kb-row-layout-id_1cc50d-61 > .kt-row-column-wrap) > .wp-block-kadence-column{justify-content:start;}.kb-row-layout-id_1cc50d-61 > .kt-row-column-wrap{column-gap:var(--global-kb-gap-md, 2rem);row-gap:var(--global-kb-gap-md, 2rem);max-width:889px;margin-left:auto;margin-right:auto;padding-top:80px;padding-bottom:60px;grid-template-columns:minmax(0, 1fr);}.kb-row-layout-id_1cc50d-61 > .kt-row-layout-overlay{opacity:0.30;}@media all and (max-width: 1024px){.kb-row-layout-id_1cc50d-61 > .kt-row-column-wrap{grid-template-columns:minmax(0, 1fr);}}@media all and (max-width: 767px){.kb-row-layout-id_1cc50d-61 > .kt-row-column-wrap{grid-template-columns:minmax(0, 1fr);}}<\/style><div class=\"kb-row-layout-wrap kb-row-layout-id_1cc50d-61 alignnone wp-block-kadence-rowlayout\"><div class=\"kt-row-column-wrap kt-has-1-columns kt-row-layout-equal kt-tab-layout-inherit kt-mobile-layout-row kt-row-valign-top\">\n<style>.kadence-column_9f799a-c2 > .kt-inside-inner-col,.kadence-column_9f799a-c2 > .kt-inside-inner-col:before{border-top-left-radius:0px;border-top-right-radius:0px;border-bottom-right-radius:0px;border-bottom-left-radius:0px;}.kadence-column_9f799a-c2 > .kt-inside-inner-col{column-gap:var(--global-kb-gap-sm, 1rem);}.kadence-column_9f799a-c2 > .kt-inside-inner-col{flex-direction:column;}.kadence-column_9f799a-c2 > .kt-inside-inner-col > .aligncenter{width:100%;}.kadence-column_9f799a-c2 > .kt-inside-inner-col:before{opacity:0.3;}.kadence-column_9f799a-c2{position:relative;}@media all and (max-width: 1024px){.kadence-column_9f799a-c2 > .kt-inside-inner-col{flex-direction:column;}}@media all and (max-width: 767px){.kadence-column_9f799a-c2 > .kt-inside-inner-col{flex-direction:column;}}<\/style>\n<div class=\"wp-block-kadence-column kadence-column_9f799a-c2 inner-column-1\"><div class=\"kt-inside-inner-col\"><style>.wp-block-kadence-advancedheading.kt-adv-heading_9cb60b-53, .wp-block-kadence-advancedheading.kt-adv-heading_9cb60b-53[data-kb-block=\"kb-adv-heading_9cb60b-53\"]{max-width:1653px;margin-right:auto;margin-left:auto;text-align:center;font-style:normal;}.wp-block-kadence-advancedheading.kt-adv-heading_9cb60b-53 mark, .wp-block-kadence-advancedheading.kt-adv-heading_9cb60b-53[data-kb-block=\"kb-adv-heading_9cb60b-53\"] mark{font-style:normal;color:#f76a0c;padding-top:0px;padding-right:0px;padding-bottom:0px;padding-left:0px;}<\/style>\n<h6 class=\"kt-adv-heading_9cb60b-53 wp-block-kadence-advancedheading has-theme-palette-6-color has-text-color\" data-kb-block=\"kb-adv-heading_9cb60b-53\"><\/h6>\n\n\n<style>.wp-block-kadence-advancedheading.kt-adv-heading_237067-cc, .wp-block-kadence-advancedheading.kt-adv-heading_237067-cc[data-kb-block=\"kb-adv-heading_237067-cc\"]{text-align:center;font-style:normal;}.wp-block-kadence-advancedheading.kt-adv-heading_237067-cc mark, .wp-block-kadence-advancedheading.kt-adv-heading_237067-cc[data-kb-block=\"kb-adv-heading_237067-cc\"] mark{font-style:normal;color:#f76a0c;padding-top:0px;padding-right:0px;padding-bottom:0px;padding-left:0px;}<\/style>\n<h2 class=\"kt-adv-heading_237067-cc wp-block-kadence-advancedheading has-theme-palette-3-color has-text-color\" data-kb-block=\"kb-adv-heading_237067-cc\">Offrez une \u00e9ducation de qualit\u00e9 aux enfants issus de milieux d\u00e9favoris\u00e9s<\/h2>\n\n\n\n<p>Etabli en 2011, le programme ESPOIRS de parrainage de scolarisation d&rsquo;enfants men\u00e9 avec le Groupe scolaire Sileye Guiss\u00e9 permet \u00e0 des enfants issus de milieux d\u00e9favoris\u00e9s d&rsquo;\u00eatre scolaris\u00e9s, de la maternelle au baccalaur\u00e9at. Nous croyons en l&rsquo;importance de l&rsquo;\u00e9ducation pour tous, et ce programme vise \u00e0 offrir une chance \u00e9quitable \u00e0 ces enfants d&rsquo;obtenir une \u00e9ducation de qualit\u00e9.<\/p>\n\n\n\n<p>Les frais correspondants \u00e0 l&rsquo;inscription, la scolarit\u00e9, la blouse et les fournitures sont \u00e0 verser chaque ann\u00e9e vers fin ao\u00fbt d\u00e9but septembre directement \u00e0 l&rsquo;\u00e9cole. Ces frais sont fix\u00e9s comme suit :<\/p>\n\n\n\n<ul>\n<li>192 euros pour la maternelle<\/li>\n\n\n\n<li>241 euros pour le primaire<\/li>\n\n\n\n<li>289 euros pour le coll\u00e8ge<\/li>\n\n\n\n<li>313 euros pour le lyc\u00e9e<\/li>\n<\/ul>\n\n\n\n<p>En contribuant financi\u00e8rement, vous permettez \u00e0 ces enfants de b\u00e9n\u00e9ficier d&rsquo;un environnement \u00e9ducatif favorable, de ressources p\u00e9dagogiques et de soutien adapt\u00e9 tout au long de leur parcours scolaire. Chaque don compte et fait une r\u00e9elle diff\u00e9rence dans la vie de ces enfants.<\/p>\n\n\n\n<p>Si vous \u00eates int\u00e9ress\u00e9 par ce programme ou si vous connaissez des personnes susceptibles de l&rsquo;\u00eatre, nous vous encourageons \u00e0 les contacter et \u00e0 communiquer avec nous sur contact@assoespoirs.org pour toute demande d&rsquo;informations ou de candidature. <\/p>\n\n\n\n<p>Ensemble, nous pouvons contribuer \u00e0 changer la vie de ces enfants en leur offrant un avenir meilleur gr\u00e2ce \u00e0 l&rsquo;\u00e9ducation.<\/p>\n\n\n\n<p>Rejoignez-nous dans cette noble cause et aidez-nous \u00e0 faire la diff\u00e9rence dans la vie de ces enfants d\u00e9favoris\u00e9s. Chaque enfant m\u00e9rite une chance \u00e9gale de s&rsquo;\u00e9panouir et de r\u00e9aliser ses r\u00eaves gr\u00e2ce \u00e0 l&rsquo;\u00e9ducation.<\/p>\n<\/div><\/div>\n\n<\/div><\/div>\n\n<style>.kb-row-layout-id_b22867-9f > .kt-row-column-wrap{align-content:start;}:where(.kb-row-layout-id_b22867-9f > .kt-row-column-wrap) > .wp-block-kadence-column{justify-content:start;}.kb-row-layout-id_b22867-9f > .kt-row-column-wrap{column-gap:var(--global-kb-gap-md, 2rem);row-gap:var(--global-kb-gap-md, 2rem);max-width:var( --global-content-width, 1290px );padding-left:var(--global-content-edge-padding);padding-right:var(--global-content-edge-padding);padding-top:25px;padding-bottom:80px;grid-template-columns:minmax(0, 1fr);}.kb-row-layout-id_b22867-9f > .kt-row-layout-overlay{opacity:0.30;}@media all and (max-width: 1024px){.kb-row-layout-id_b22867-9f > .kt-row-column-wrap{grid-template-columns:minmax(0, 1fr);}}@media all and (max-width: 767px){.kb-row-layout-id_b22867-9f > .kt-row-column-wrap{grid-template-columns:minmax(0, 1fr);}}<\/style><div class=\"kb-row-layout-wrap kb-row-layout-id_b22867-9f aligncenter wp-block-kadence-rowlayout\"><div class=\"kt-row-column-wrap kt-has-1-columns kt-row-layout-equal kt-tab-layout-inherit kt-mobile-layout-row kt-row-valign-top kb-theme-content-width\">\n<style>.kadence-column_86e749-78 > .kt-inside-inner-col,.kadence-column_86e749-78 > .kt-inside-inner-col:before{border-top-left-radius:0px;border-top-right-radius:0px;border-bottom-right-radius:0px;border-bottom-left-radius:0px;}.kadence-column_86e749-78 > .kt-inside-inner-col{column-gap:var(--global-kb-gap-sm, 1rem);}.kadence-column_86e749-78 > .kt-inside-inner-col{flex-direction:column;}.kadence-column_86e749-78 > .kt-inside-inner-col > .aligncenter{width:100%;}.kadence-column_86e749-78 > .kt-inside-inner-col:before{opacity:0.3;}.kadence-column_86e749-78{position:relative;}@media all and (max-width: 1024px){.kadence-column_86e749-78 > .kt-inside-inner-col{flex-direction:column;}}@media all and (max-width: 767px){.kadence-column_86e749-78 > .kt-inside-inner-col{flex-direction:column;}}<\/style>\n<div class=\"wp-block-kadence-column kadence-column_86e749-78 inner-column-1\"><div class=\"kt-inside-inner-col\"><\/div><\/div>\n\n<\/div><\/div>\n\n<style>.kb-row-layout-id_7dae21-04 > .kt-row-column-wrap{align-content:start;}:where(.kb-row-layout-id_7dae21-04 > .kt-row-column-wrap) > .wp-block-kadence-column{justify-content:start;}.kb-row-layout-id_7dae21-04 > .kt-row-column-wrap{column-gap:var(--global-kb-gap-md, 2rem);row-gap:var(--global-kb-gap-md, 2rem);max-width:700px;margin-left:auto;margin-right:auto;padding-top:80px;padding-bottom:80px;grid-template-columns:minmax(0, 1fr);}.kb-row-layout-id_7dae21-04{background-image:url('http:\/\/assoespoirs.org\/wp-content\/uploads\/2023\/05\/IMAG0029.jpg');background-size:cover;background-position:21% 31%;background-attachment:scroll;background-repeat:no-repeat;}.kb-row-layout-id_7dae21-04 > .kt-row-layout-overlay{opacity:0.60;background-color:var(--global-palette3, #1A202C);}@media all and (max-width: 1024px){.kb-row-layout-id_7dae21-04 > .kt-row-column-wrap{grid-template-columns:minmax(0, 1fr);}}@media all and (max-width: 767px){.kb-row-layout-id_7dae21-04 > .kt-row-column-wrap{grid-template-columns:minmax(0, 1fr);}}<\/style><div class=\"kb-row-layout-wrap kb-row-layout-id_7dae21-04 alignnone kt-row-has-bg wp-block-kadence-rowlayout\"><div class=\"kt-row-layout-overlay kt-row-overlay-normal\"><\/div><div class=\"kt-row-column-wrap kt-has-1-columns kt-row-layout-equal kt-tab-layout-inherit kt-mobile-layout-row kt-row-valign-top\">\n<style>.kadence-column_f09f60-e2 > .kt-inside-inner-col,.kadence-column_f09f60-e2 > .kt-inside-inner-col:before{border-top-left-radius:0px;border-top-right-radius:0px;border-bottom-right-radius:0px;border-bottom-left-radius:0px;}.kadence-column_f09f60-e2 > .kt-inside-inner-col{column-gap:var(--global-kb-gap-sm, 1rem);}.kadence-column_f09f60-e2 > .kt-inside-inner-col{flex-direction:column;}.kadence-column_f09f60-e2 > .kt-inside-inner-col > .aligncenter{width:100%;}.kadence-column_f09f60-e2 > .kt-inside-inner-col:before{opacity:0.3;}.kadence-column_f09f60-e2{position:relative;}@media all and (max-width: 1024px){.kadence-column_f09f60-e2 > .kt-inside-inner-col{flex-direction:column;}}@media all and (max-width: 767px){.kadence-column_f09f60-e2 > .kt-inside-inner-col{flex-direction:column;}}<\/style>\n<div class=\"wp-block-kadence-column kadence-column_f09f60-e2 inner-column-1\"><div class=\"kt-inside-inner-col\"><style>.wp-block-kadence-advancedheading.kt-adv-heading_5ba0f3-53, .wp-block-kadence-advancedheading.kt-adv-heading_5ba0f3-53[data-kb-block=\"kb-adv-heading_5ba0f3-53\"]{text-align:center;font-style:normal;}.wp-block-kadence-advancedheading.kt-adv-heading_5ba0f3-53 mark, .wp-block-kadence-advancedheading.kt-adv-heading_5ba0f3-53[data-kb-block=\"kb-adv-heading_5ba0f3-53\"] mark{font-style:normal;color:#f76a0c;padding-top:0px;padding-right:0px;padding-bottom:0px;padding-left:0px;}<\/style>\n<h6 class=\"kt-adv-heading_5ba0f3-53 wp-block-kadence-advancedheading has-theme-palette-9-color has-text-color\" data-kb-block=\"kb-adv-heading_5ba0f3-53\"><\/h6>\n\n\n<style>.wp-block-kadence-advancedheading.kt-adv-heading_091d8e-9d, .wp-block-kadence-advancedheading.kt-adv-heading_091d8e-9d[data-kb-block=\"kb-adv-heading_091d8e-9d\"]{text-align:center;font-style:normal;}.wp-block-kadence-advancedheading.kt-adv-heading_091d8e-9d mark, .wp-block-kadence-advancedheading.kt-adv-heading_091d8e-9d[data-kb-block=\"kb-adv-heading_091d8e-9d\"] mark{font-style:normal;color:#f76a0c;padding-top:0px;padding-right:0px;padding-bottom:0px;padding-left:0px;}<\/style>\n<h2 class=\"kt-adv-heading_091d8e-9d wp-block-kadence-advancedheading has-theme-palette-9-color has-text-color\" data-kb-block=\"kb-adv-heading_091d8e-9d\">Rejoignez-nous dans cette noble cause et aidez-nous \u00e0 faire la diff\u00e9rence dans la vie de ces enfants d\u00e9favoris\u00e9s.<\/h2>\n\n\n<style>.wp-block-kadence-advancedheading.kt-adv-heading_2e2abf-45, .wp-block-kadence-advancedheading.kt-adv-heading_2e2abf-45[data-kb-block=\"kb-adv-heading_2e2abf-45\"]{text-align:center;font-style:normal;}.wp-block-kadence-advancedheading.kt-adv-heading_2e2abf-45 mark, .wp-block-kadence-advancedheading.kt-adv-heading_2e2abf-45[data-kb-block=\"kb-adv-heading_2e2abf-45\"] mark{font-style:normal;color:#f76a0c;padding-top:0px;padding-right:0px;padding-bottom:0px;padding-left:0px;}<\/style>\n<p class=\"kt-adv-heading_2e2abf-45 wp-block-kadence-advancedheading has-theme-palette-9-color has-text-color\" data-kb-block=\"kb-adv-heading_2e2abf-45\"><meta charset=\"utf-8\"><\/meta>Chaque enfant m\u00e9rite une chance \u00e9gale de s&rsquo;\u00e9panouir et de r\u00e9aliser ses r\u00eaves gr\u00e2ce \u00e0 l&rsquo;\u00e9ducation.<\/p>\n\n\n\n<div class=\"wp-block-buttons is-content-justification-center is-layout-flex wp-container-1\">\n<div class=\"wp-block-button\"><a class=\"wp-block-button__link wp-element-button\" href=\"https:\/\/assoespoirs.org\/?page_id=14\">Contactez nous<\/a><\/div>\n<\/div>\n<\/div><\/div>\n\n<\/div><\/div>","protected":false},"excerpt":{"rendered":"<p>Parrainage de scolarisation . Offrez une \u00e9ducation de qualit\u00e9 aux enfants issus de milieux d\u00e9favoris\u00e9s Etabli en 2011, le programme ESPOIRS de parrainage de scolarisation d&rsquo;enfants men\u00e9 avec le Groupe scolaire Sileye Guiss\u00e9 permet \u00e0 des enfants issus de milieux d\u00e9favoris\u00e9s d&rsquo;\u00eatre scolaris\u00e9s, de la maternelle au baccalaur\u00e9at. Nous croyons en l&rsquo;importance de l&rsquo;\u00e9ducation pour&#8230;<\/p>\n","protected":false},"author":1,"featured_media":1112,"parent":0,"menu_order":0,"comment_status":"closed","ping_status":"closed","template":"","meta":{"_kadence_starter_templates_imported_post":false,"_kad_post_transparent":"","_kad_post_title":"","_kad_post_layout":"","_kad_post_sidebar_id":"","_kad_post_content_style":"","_kad_post_vertical_padding":"","_kad_post_feature":"","_kad_post_feature_position":"","_kad_post_header":false,"_kad_post_footer":false},"_links":{"self":[{"href":"https:\/\/assoespoirs.org\/index.php?rest_route=\/wp\/v2\/pages\/1161"}],"collection":[{"href":"https:\/\/assoespoirs.org\/index.php?rest_route=\/wp\/v2\/pages"}],"about":[{"href":"https:\/\/assoespoirs.org\/index.php?rest_route=\/wp\/v2\/types\/page"}],"author":[{"embeddable":true,"href":"https:\/\/assoespoirs.org\/index.php?rest_route=\/wp\/v2\/users\/1"}],"replies":[{"embeddable":true,"href":"https:\/\/assoespoirs.org\/index.php?rest_route=%2Fwp%2Fv2%2Fcomments&post=1161"}],"version-history":[{"count":7,"href":"https:\/\/assoespoirs.org\/index.php?rest_route=\/wp\/v2\/pages\/1161\/revisions"}],"predecessor-version":[{"id":1187,"href":"https:\/\/assoespoirs.org\/index.php?rest_route=\/wp\/v2\/pages\/1161\/revisions\/1187"}],"wp:featuredmedia":[{"embeddable":true,"href":"https:\/\/assoespoirs.org\/index.php?rest_route=\/wp\/v2\/media\/1112"}],"wp:attachment":[{"href":"https:\/\/assoespoirs.org\/index.php?rest_route=%2Fwp%2Fv2%2Fmedia&parent=1161"}],"curies":[{"name":"wp","href":"https:\/\/api.w.org\/{rel}","templated":true}]}}