{"id":18,"date":"2021-10-12T15:21:05","date_gmt":"2021-10-12T13:21:05","guid":{"rendered":"https:\/\/startertemplatecloud.com\/g14\/?page_id=18"},"modified":"2025-12-15T10:09:02","modified_gmt":"2025-12-15T09:09:02","slug":"dons","status":"publish","type":"page","link":"https:\/\/assoespoirs.org\/?page_id=18","title":{"rendered":"Dons"},"content":{"rendered":"<style>.kb-row-layout-id18_7e1018-5c > .kt-row-column-wrap{align-content:start;}:where(.kb-row-layout-id18_7e1018-5c > .kt-row-column-wrap) > .wp-block-kadence-column{justify-content:start;}.kb-row-layout-id18_7e1018-5c > .kt-row-column-wrap{column-gap:var(--global-kb-gap-md, 2rem);row-gap:var(--global-kb-gap-md, 2rem);max-width:var( --global-content-width, 1290px );padding-left:var(--global-content-edge-padding);padding-right:var(--global-content-edge-padding);padding-top:80px;padding-bottom:80px;grid-template-columns:minmax(0, 1fr);}.kb-row-layout-id18_7e1018-5c{background-image:url('https:\/\/startertemplatecloud.com\/g14\/wp-content\/uploads\/sites\/41\/2021\/07\/pexels-binti-malu-2927676.jpg');background-size:cover;background-position:center center;background-attachment:scroll;background-repeat:no-repeat;}.kb-row-layout-id18_7e1018-5c > .kt-row-layout-overlay{opacity:0.85;background-color:var(--global-palette9, #ffffff);}@media all and (max-width: 1024px){.kb-row-layout-id18_7e1018-5c > .kt-row-column-wrap{grid-template-columns:minmax(0, 1fr);}}@media all and (max-width: 767px){.kb-row-layout-id18_7e1018-5c > .kt-row-column-wrap{grid-template-columns:minmax(0, 1fr);}}<\/style><div class=\"kb-row-layout-wrap kb-row-layout-id18_7e1018-5c alignnone kt-row-has-bg wp-block-kadence-rowlayout\"><div class=\"kt-row-layout-overlay kt-row-overlay-normal\"><\/div><div class=\"kt-row-column-wrap kt-has-1-columns kt-row-layout-equal kt-tab-layout-inherit kt-mobile-layout-row kt-row-valign-top kb-theme-content-width\">\n<style>.kadence-column18_3aa5d4-6c > .kt-inside-inner-col,.kadence-column18_3aa5d4-6c > .kt-inside-inner-col:before{border-top-left-radius:0px;border-top-right-radius:0px;border-bottom-right-radius:0px;border-bottom-left-radius:0px;}.kadence-column18_3aa5d4-6c > .kt-inside-inner-col{column-gap:var(--global-kb-gap-sm, 1rem);}.kadence-column18_3aa5d4-6c > .kt-inside-inner-col{flex-direction:column;}.kadence-column18_3aa5d4-6c > .kt-inside-inner-col > .aligncenter{width:100%;}.kadence-column18_3aa5d4-6c > .kt-inside-inner-col:before{opacity:0.3;}.kadence-column18_3aa5d4-6c{position:relative;}@media all and (max-width: 1024px){.kadence-column18_3aa5d4-6c > .kt-inside-inner-col{flex-direction:column;}}@media all and (max-width: 767px){.kadence-column18_3aa5d4-6c > .kt-inside-inner-col{flex-direction:column;}}<\/style>\n<div class=\"wp-block-kadence-column kadence-column18_3aa5d4-6c inner-column-1\"><div class=\"kt-inside-inner-col\"><style>.wp-block-kadence-advancedheading.kt-adv-heading18_211395-c0, .wp-block-kadence-advancedheading.kt-adv-heading18_211395-c0[data-kb-block=\"kb-adv-heading18_211395-c0\"]{text-align:center;font-style:normal;}.wp-block-kadence-advancedheading.kt-adv-heading18_211395-c0 mark, .wp-block-kadence-advancedheading.kt-adv-heading18_211395-c0[data-kb-block=\"kb-adv-heading18_211395-c0\"] mark{font-style:normal;color:#f76a0c;padding-top:0px;padding-right:0px;padding-bottom:0px;padding-left:0px;}@media all and (max-width: 767px){.wp-block-kadence-advancedheading.kt-adv-heading18_211395-c0, .wp-block-kadence-advancedheading.kt-adv-heading18_211395-c0[data-kb-block=\"kb-adv-heading18_211395-c0\"]{font-size:var(--global-kb-font-size-md, 1.25rem);}}<\/style>\n<h1 class=\"kt-adv-heading18_211395-c0 wp-block-kadence-advancedheading has-theme-palette-3-color has-text-color\" data-kb-block=\"kb-adv-heading18_211395-c0\">FAITES UN DON<\/h1>\n\n\n<style>.wp-block-kadence-advancedheading.kt-adv-heading18_f94e45-a3, .wp-block-kadence-advancedheading.kt-adv-heading18_f94e45-a3[data-kb-block=\"kb-adv-heading18_f94e45-a3\"]{text-align:center;font-style:normal;}.wp-block-kadence-advancedheading.kt-adv-heading18_f94e45-a3 mark, .wp-block-kadence-advancedheading.kt-adv-heading18_f94e45-a3[data-kb-block=\"kb-adv-heading18_f94e45-a3\"] mark{font-style:normal;color:#f76a0c;padding-top:0px;padding-right:0px;padding-bottom:0px;padding-left:0px;}@media all and (max-width: 767px){.wp-block-kadence-advancedheading.kt-adv-heading18_f94e45-a3, .wp-block-kadence-advancedheading.kt-adv-heading18_f94e45-a3[data-kb-block=\"kb-adv-heading18_f94e45-a3\"]{font-size:var(--global-kb-font-size-sm, 0.9rem);}}<\/style>\n<p class=\"kt-adv-heading18_f94e45-a3 wp-block-kadence-advancedheading has-theme-palette-4-color has-text-color\" data-kb-block=\"kb-adv-heading18_f94e45-a3\">Offrez un avenir meilleur : votre g\u00e9n\u00e9rosit\u00e9 change des vies !<\/p>\n<\/div><\/div>\n\n<\/div><\/div>\n\n\n<iframe id=\"haWidget\" allowtransparency=\"true\" src=\"https:\/\/www.helloasso.com\/associations\/espoirs\/formulaires\/2\/widget\" style=\"width: 110%; height: 1300px; border: none; overflow:hidden;\"><\/iframe>\n\n\n<style>.kb-row-layout-id18_c68334-77 > .kt-row-column-wrap{align-content:start;}:where(.kb-row-layout-id18_c68334-77 > .kt-row-column-wrap) > .wp-block-kadence-column{justify-content:start;}.kb-row-layout-id18_c68334-77 > .kt-row-column-wrap{column-gap:var(--global-kb-gap-md, 2rem);row-gap:var(--global-kb-gap-md, 2rem);max-width:var( --global-content-width, 1290px );padding-left:var(--global-content-edge-padding);padding-right:var(--global-content-edge-padding);padding-top:25px;padding-bottom:80px;grid-template-columns:repeat(4, minmax(0, 1fr));}.kb-row-layout-id18_c68334-77 > .kt-row-layout-overlay{opacity:0.30;}@media all and (max-width: 1024px){.kb-row-layout-id18_c68334-77 > .kt-row-column-wrap{grid-template-columns:repeat(4, minmax(0, 1fr));}}@media all and (max-width: 767px){.kb-row-layout-id18_c68334-77 > .kt-row-column-wrap{grid-template-columns:minmax(0, 1fr);}}<\/style><div class=\"kb-row-layout-wrap kb-row-layout-id18_c68334-77 alignnone wp-block-kadence-rowlayout\"><div class=\"kt-row-column-wrap kt-has-4-columns kt-row-layout-equal kt-tab-layout-inherit kt-mobile-layout-row kt-row-valign-top kb-theme-content-width\">\n<style>.kadence-column18_9f3b58-65 > .kt-inside-inner-col{border-right:2px solid var(--global-palette7, #EDF2F7);}.kadence-column18_9f3b58-65 > .kt-inside-inner-col,.kadence-column18_9f3b58-65 > .kt-inside-inner-col:before{border-top-left-radius:0px;border-top-right-radius:0px;border-bottom-right-radius:0px;border-bottom-left-radius:0px;}.kadence-column18_9f3b58-65 > .kt-inside-inner-col{column-gap:var(--global-kb-gap-sm, 1rem);}.kadence-column18_9f3b58-65 > .kt-inside-inner-col{flex-direction:column;}.kadence-column18_9f3b58-65 > .kt-inside-inner-col > .aligncenter{width:100%;}.kadence-column18_9f3b58-65 > .kt-inside-inner-col:before{opacity:0.3;}.kadence-column18_9f3b58-65{position:relative;}@media all and (max-width: 1024px){.kadence-column18_9f3b58-65 > .kt-inside-inner-col{border-right:2px solid var(--global-palette7, #EDF2F7);flex-direction:column;}}@media all and (max-width: 767px){.kadence-column18_9f3b58-65 > .kt-inside-inner-col{border-right:2px solid var(--global-palette7, #EDF2F7);flex-direction:column;}}<\/style>\n<div class=\"wp-block-kadence-column kadence-column18_9f3b58-65 inner-column-1\"><div class=\"kt-inside-inner-col\"><style>.wp-block-kadence-advancedheading.kt-adv-heading18_4af2e0-84, .wp-block-kadence-advancedheading.kt-adv-heading18_4af2e0-84[data-kb-block=\"kb-adv-heading18_4af2e0-84\"]{padding-bottom:0px;margin-bottom:10px;text-align:center;font-style:normal;}.wp-block-kadence-advancedheading.kt-adv-heading18_4af2e0-84 mark, .wp-block-kadence-advancedheading.kt-adv-heading18_4af2e0-84[data-kb-block=\"kb-adv-heading18_4af2e0-84\"] mark{font-style:normal;color:#f76a0c;padding-top:0px;padding-right:0px;padding-bottom:0px;padding-left:0px;}@media all and (max-width: 767px){.wp-block-kadence-advancedheading.kt-adv-heading18_4af2e0-84, .wp-block-kadence-advancedheading.kt-adv-heading18_4af2e0-84[data-kb-block=\"kb-adv-heading18_4af2e0-84\"]{font-size:var(--global-kb-font-size-xxxl, 5rem);}}<\/style>\n<h1 class=\"kt-adv-heading18_4af2e0-84 wp-block-kadence-advancedheading has-theme-palette-3-color has-text-color\" data-kb-block=\"kb-adv-heading18_4af2e0-84\">+18<\/h1>\n\n\n<style>.wp-block-kadence-advancedheading.kt-adv-heading18_0be511-47, .wp-block-kadence-advancedheading.kt-adv-heading18_0be511-47[data-kb-block=\"kb-adv-heading18_0be511-47\"]{text-align:center;font-style:normal;}.wp-block-kadence-advancedheading.kt-adv-heading18_0be511-47 mark, .wp-block-kadence-advancedheading.kt-adv-heading18_0be511-47[data-kb-block=\"kb-adv-heading18_0be511-47\"] mark{font-style:normal;color:#f76a0c;padding-top:0px;padding-right:0px;padding-bottom:0px;padding-left:0px;}<\/style>\n<h6 class=\"kt-adv-heading18_0be511-47 wp-block-kadence-advancedheading has-theme-palette-6-color has-text-color\" data-kb-block=\"kb-adv-heading18_0be511-47\">ANNEES D&rsquo;EXISTENCE<\/h6>\n<\/div><\/div>\n\n\n<style>.kadence-column18_ce4189-47 > .kt-inside-inner-col{border-right:2px solid var(--global-palette7, #EDF2F7);}.kadence-column18_ce4189-47 > .kt-inside-inner-col,.kadence-column18_ce4189-47 > .kt-inside-inner-col:before{border-top-left-radius:0px;border-top-right-radius:0px;border-bottom-right-radius:0px;border-bottom-left-radius:0px;}.kadence-column18_ce4189-47 > .kt-inside-inner-col{column-gap:var(--global-kb-gap-sm, 1rem);}.kadence-column18_ce4189-47 > .kt-inside-inner-col{flex-direction:column;}.kadence-column18_ce4189-47 > .kt-inside-inner-col > .aligncenter{width:100%;}.kadence-column18_ce4189-47 > .kt-inside-inner-col:before{opacity:0.3;}.kadence-column18_ce4189-47{position:relative;}@media all and (max-width: 1024px){.kadence-column18_ce4189-47 > .kt-inside-inner-col{border-right:2px solid var(--global-palette7, #EDF2F7);flex-direction:column;}}@media all and (max-width: 767px){.kadence-column18_ce4189-47 > .kt-inside-inner-col{border-right:2px solid var(--global-palette7, #EDF2F7);flex-direction:column;}}<\/style>\n<div class=\"wp-block-kadence-column kadence-column18_ce4189-47 inner-column-2\"><div class=\"kt-inside-inner-col\"><style>.wp-block-kadence-advancedheading.kt-adv-heading18_955de6-1d, .wp-block-kadence-advancedheading.kt-adv-heading18_955de6-1d[data-kb-block=\"kb-adv-heading18_955de6-1d\"]{padding-bottom:0px;margin-bottom:10px;text-align:center;font-style:normal;}.wp-block-kadence-advancedheading.kt-adv-heading18_955de6-1d mark, .wp-block-kadence-advancedheading.kt-adv-heading18_955de6-1d[data-kb-block=\"kb-adv-heading18_955de6-1d\"] mark{font-style:normal;color:#f76a0c;padding-top:0px;padding-right:0px;padding-bottom:0px;padding-left:0px;}@media all and (max-width: 767px){.wp-block-kadence-advancedheading.kt-adv-heading18_955de6-1d, .wp-block-kadence-advancedheading.kt-adv-heading18_955de6-1d[data-kb-block=\"kb-adv-heading18_955de6-1d\"]{font-size:var(--global-kb-font-size-xxxl, 5rem);}}<\/style>\n<h1 class=\"kt-adv-heading18_955de6-1d wp-block-kadence-advancedheading has-theme-palette-3-color has-text-color\" data-kb-block=\"kb-adv-heading18_955de6-1d\">+130<\/h1>\n\n\n<style>.wp-block-kadence-advancedheading.kt-adv-heading18_a8cff7-b9, .wp-block-kadence-advancedheading.kt-adv-heading18_a8cff7-b9[data-kb-block=\"kb-adv-heading18_a8cff7-b9\"]{text-align:center;font-style:normal;}.wp-block-kadence-advancedheading.kt-adv-heading18_a8cff7-b9 mark, .wp-block-kadence-advancedheading.kt-adv-heading18_a8cff7-b9[data-kb-block=\"kb-adv-heading18_a8cff7-b9\"] mark{font-style:normal;color:#f76a0c;padding-top:0px;padding-right:0px;padding-bottom:0px;padding-left:0px;}<\/style>\n<h6 class=\"kt-adv-heading18_a8cff7-b9 wp-block-kadence-advancedheading has-theme-palette-6-color has-text-color\" data-kb-block=\"kb-adv-heading18_a8cff7-b9\">MEMBRES<\/h6>\n<\/div><\/div>\n\n\n<style>.kadence-column18_bcc33f-4e > .kt-inside-inner-col{border-right:2px solid var(--global-palette7, #EDF2F7);}.kadence-column18_bcc33f-4e > .kt-inside-inner-col,.kadence-column18_bcc33f-4e > .kt-inside-inner-col:before{border-top-left-radius:0px;border-top-right-radius:0px;border-bottom-right-radius:0px;border-bottom-left-radius:0px;}.kadence-column18_bcc33f-4e > .kt-inside-inner-col{column-gap:var(--global-kb-gap-sm, 1rem);}.kadence-column18_bcc33f-4e > .kt-inside-inner-col{flex-direction:column;}.kadence-column18_bcc33f-4e > .kt-inside-inner-col > .aligncenter{width:100%;}.kadence-column18_bcc33f-4e > .kt-inside-inner-col:before{opacity:0.3;}.kadence-column18_bcc33f-4e{position:relative;}@media all and (max-width: 1024px){.kadence-column18_bcc33f-4e > .kt-inside-inner-col{border-right:2px solid var(--global-palette7, #EDF2F7);flex-direction:column;}}@media all and (max-width: 767px){.kadence-column18_bcc33f-4e > .kt-inside-inner-col{border-right:2px solid var(--global-palette7, #EDF2F7);flex-direction:column;}}<\/style>\n<div class=\"wp-block-kadence-column kadence-column18_bcc33f-4e inner-column-3\"><div class=\"kt-inside-inner-col\"><style>.wp-block-kadence-advancedheading.kt-adv-heading18_44ce24-96, .wp-block-kadence-advancedheading.kt-adv-heading18_44ce24-96[data-kb-block=\"kb-adv-heading18_44ce24-96\"]{padding-bottom:0px;margin-bottom:10px;text-align:center;font-style:normal;}.wp-block-kadence-advancedheading.kt-adv-heading18_44ce24-96 mark, .wp-block-kadence-advancedheading.kt-adv-heading18_44ce24-96[data-kb-block=\"kb-adv-heading18_44ce24-96\"] mark{font-style:normal;color:#f76a0c;padding-top:0px;padding-right:0px;padding-bottom:0px;padding-left:0px;}@media all and (max-width: 767px){.wp-block-kadence-advancedheading.kt-adv-heading18_44ce24-96, .wp-block-kadence-advancedheading.kt-adv-heading18_44ce24-96[data-kb-block=\"kb-adv-heading18_44ce24-96\"]{font-size:var(--global-kb-font-size-xxxl, 5rem);}}<\/style>\n<h1 class=\"kt-adv-heading18_44ce24-96 wp-block-kadence-advancedheading has-theme-palette-3-color has-text-color\" data-kb-block=\"kb-adv-heading18_44ce24-96\">+30 000<\/h1>\n\n\n<style>.wp-block-kadence-advancedheading.kt-adv-heading18_c79fe6-98, .wp-block-kadence-advancedheading.kt-adv-heading18_c79fe6-98[data-kb-block=\"kb-adv-heading18_c79fe6-98\"]{text-align:center;font-style:normal;}.wp-block-kadence-advancedheading.kt-adv-heading18_c79fe6-98 mark, .wp-block-kadence-advancedheading.kt-adv-heading18_c79fe6-98[data-kb-block=\"kb-adv-heading18_c79fe6-98\"] mark{font-style:normal;color:#f76a0c;padding-top:0px;padding-right:0px;padding-bottom:0px;padding-left:0px;}<\/style>\n<h6 class=\"kt-adv-heading18_c79fe6-98 wp-block-kadence-advancedheading has-theme-palette-6-color has-text-color\" data-kb-block=\"kb-adv-heading18_c79fe6-98\">Heures de benevolat<\/h6>\n<\/div><\/div>\n\n\n<style>.kadence-column18_717d9a-34 > .kt-inside-inner-col,.kadence-column18_717d9a-34 > .kt-inside-inner-col:before{border-top-left-radius:0px;border-top-right-radius:0px;border-bottom-right-radius:0px;border-bottom-left-radius:0px;}.kadence-column18_717d9a-34 > .kt-inside-inner-col{column-gap:var(--global-kb-gap-sm, 1rem);}.kadence-column18_717d9a-34 > .kt-inside-inner-col{flex-direction:column;}.kadence-column18_717d9a-34 > .kt-inside-inner-col > .aligncenter{width:100%;}.kadence-column18_717d9a-34 > .kt-inside-inner-col:before{opacity:0.3;}.kadence-column18_717d9a-34{position:relative;}@media all and (max-width: 1024px){.kadence-column18_717d9a-34 > .kt-inside-inner-col{flex-direction:column;}}@media all and (max-width: 767px){.kadence-column18_717d9a-34 > .kt-inside-inner-col{flex-direction:column;}}<\/style>\n<div class=\"wp-block-kadence-column kadence-column18_717d9a-34 inner-column-4\"><div class=\"kt-inside-inner-col\"><style>.wp-block-kadence-advancedheading.kt-adv-heading18_bb35fb-a4, .wp-block-kadence-advancedheading.kt-adv-heading18_bb35fb-a4[data-kb-block=\"kb-adv-heading18_bb35fb-a4\"]{padding-bottom:0px;margin-bottom:10px;text-align:center;font-style:normal;}.wp-block-kadence-advancedheading.kt-adv-heading18_bb35fb-a4 mark, .wp-block-kadence-advancedheading.kt-adv-heading18_bb35fb-a4[data-kb-block=\"kb-adv-heading18_bb35fb-a4\"] mark{font-style:normal;color:#f76a0c;padding-top:0px;padding-right:0px;padding-bottom:0px;padding-left:0px;}@media all and (max-width: 767px){.wp-block-kadence-advancedheading.kt-adv-heading18_bb35fb-a4, .wp-block-kadence-advancedheading.kt-adv-heading18_bb35fb-a4[data-kb-block=\"kb-adv-heading18_bb35fb-a4\"]{font-size:var(--global-kb-font-size-xxxl, 5rem);}}<\/style>\n<h1 class=\"kt-adv-heading18_bb35fb-a4 wp-block-kadence-advancedheading has-theme-palette-3-color has-text-color\" data-kb-block=\"kb-adv-heading18_bb35fb-a4\">+4 500<\/h1>\n\n\n<style>.wp-block-kadence-advancedheading.kt-adv-heading18_f61301-3a, .wp-block-kadence-advancedheading.kt-adv-heading18_f61301-3a[data-kb-block=\"kb-adv-heading18_f61301-3a\"]{text-align:center;font-style:normal;}.wp-block-kadence-advancedheading.kt-adv-heading18_f61301-3a mark, .wp-block-kadence-advancedheading.kt-adv-heading18_f61301-3a[data-kb-block=\"kb-adv-heading18_f61301-3a\"] mark{font-style:normal;color:#f76a0c;padding-top:0px;padding-right:0px;padding-bottom:0px;padding-left:0px;}<\/style>\n<h6 class=\"kt-adv-heading18_f61301-3a wp-block-kadence-advancedheading has-theme-palette-6-color has-text-color\" data-kb-block=\"kb-adv-heading18_f61301-3a\">Places de classe<\/h6>\n<\/div><\/div>\n\n<\/div><\/div>","protected":false},"excerpt":{"rendered":"<p>FAITES UN DON Offrez un avenir meilleur : votre g\u00e9n\u00e9rosit\u00e9 change des vies ! +18 ANNEES D&rsquo;EXISTENCE +130 MEMBRES +30 000 Heures de benevolat +4 500 Places de classe<\/p>\n","protected":false},"author":1,"featured_media":854,"parent":0,"menu_order":0,"comment_status":"closed","ping_status":"closed","template":"","meta":{"_kadence_starter_templates_imported_post":true,"_kad_post_transparent":"","_kad_post_title":"","_kad_post_layout":"","_kad_post_sidebar_id":"","_kad_post_content_style":"","_kad_post_vertical_padding":"","_kad_post_feature":"","_kad_post_feature_position":"","_kad_post_header":false,"_kad_post_footer":false},"_links":{"self":[{"href":"https:\/\/assoespoirs.org\/index.php?rest_route=\/wp\/v2\/pages\/18"}],"collection":[{"href":"https:\/\/assoespoirs.org\/index.php?rest_route=\/wp\/v2\/pages"}],"about":[{"href":"https:\/\/assoespoirs.org\/index.php?rest_route=\/wp\/v2\/types\/page"}],"author":[{"embeddable":true,"href":"https:\/\/assoespoirs.org\/index.php?rest_route=\/wp\/v2\/users\/1"}],"replies":[{"embeddable":true,"href":"https:\/\/assoespoirs.org\/index.php?rest_route=%2Fwp%2Fv2%2Fcomments&post=18"}],"version-history":[{"count":8,"href":"https:\/\/assoespoirs.org\/index.php?rest_route=\/wp\/v2\/pages\/18\/revisions"}],"predecessor-version":[{"id":1216,"href":"https:\/\/assoespoirs.org\/index.php?rest_route=\/wp\/v2\/pages\/18\/revisions\/1216"}],"wp:featuredmedia":[{"embeddable":true,"href":"https:\/\/assoespoirs.org\/index.php?rest_route=\/wp\/v2\/media\/854"}],"wp:attachment":[{"href":"https:\/\/assoespoirs.org\/index.php?rest_route=%2Fwp%2Fv2%2Fmedia&parent=18"}],"curies":[{"name":"wp","href":"https:\/\/api.w.org\/{rel}","templated":true}]}}